{"id":1613,"date":"2022-12-17T16:28:36","date_gmt":"2022-12-17T14:28:36","guid":{"rendered":"https:\/\/staff.maisonhector.com\/staff\/?page_id=1613"},"modified":"2026-03-11T14:37:09","modified_gmt":"2026-03-11T12:37:09","slug":"event-hector-divertissements","status":"publish","type":"page","link":"https:\/\/staff.maisonhector.com\/staff\/event-hector-divertissements\/","title":{"rendered":"Si tu souhaites rejoindre la tribu, parle nous de toi :"},"content":{"rendered":"\n<div class=\"wp-block-contact-form-7-contact-form-selector\">\n<div class=\"wpcf7 no-js\" id=\"wpcf7-f1570-o1\" lang=\"fr-FR\" dir=\"ltr\" data-wpcf7-id=\"1570\">\n<div class=\"screen-reader-response\"><p role=\"status\" aria-live=\"polite\" aria-atomic=\"true\"><\/p> <ul><\/ul><\/div>\n<form action=\"\/staff\/wp-json\/wp\/v2\/pages\/1613#wpcf7-f1570-o1\" method=\"post\" class=\"wpcf7-form init\" aria-label=\"Formulaire de contact\" enctype=\"multipart\/form-data\" novalidate=\"novalidate\" data-status=\"init\">\n<fieldset class=\"hidden-fields-container\"><input type=\"hidden\" name=\"_wpcf7\" value=\"1570\" \/><input type=\"hidden\" name=\"_wpcf7_version\" value=\"6.1.6\" \/><input type=\"hidden\" name=\"_wpcf7_locale\" value=\"fr_FR\" \/><input type=\"hidden\" name=\"_wpcf7_unit_tag\" value=\"wpcf7-f1570-o1\" \/><input type=\"hidden\" name=\"_wpcf7_container_post\" value=\"0\" \/><input type=\"hidden\" name=\"_wpcf7_posted_data_hash\" value=\"\" \/>\n<\/fieldset>\n<p>En cas de besoin ou de difficult\u00e9, contacte Marion:<a href=\"mailto:marion@maisonhector.com\">marion@maisonhector.com<\/a><a href=\"tel:+33608184053\"> 06 08 18 40 53<\/a>\n<\/p>\n<div class=\"row\">\n\t<div class=\"col-6\">\n\t\t<p><label> Tu postules pour :<\/label>\n\t\t<\/p>\n\t\t<p><span class=\"wpcf7-form-control-wrap\" data-name=\"checkbox-date\"><span class=\"wpcf7-form-control wpcf7-checkbox wpcf7-validates-as-required\"><span class=\"wpcf7-list-item first\"><label><input type=\"checkbox\" name=\"checkbox-date[]\" value=\"24h du Mans du 9 au 14 juin\" \/><span class=\"wpcf7-list-item-label\">24h du Mans du 9 au 14 juin<\/span><\/label><\/span><span class=\"wpcf7-list-item\"><label><input type=\"checkbox\" name=\"checkbox-date[]\" value=\"Le Mans Classic du 2 au 5 juillet\" \/><span class=\"wpcf7-list-item-label\">Le Mans Classic du 2 au 5 juillet<\/span><\/label><\/span><span class=\"wpcf7-list-item last\"><label><input type=\"checkbox\" name=\"checkbox-date[]\" value=\"La Route du Rhum du 20 Octobre au 1er Novembre\" \/><span class=\"wpcf7-list-item-label\">La Route du Rhum du 20 Octobre au 1er Novembre<\/span><\/label><\/span><\/span><\/span>\n\t\t<\/p>\n\t\t<p><label> Ton nom de naissance (obligatoire)<span class=\"wpcf7-form-control-wrap\" data-name=\"your-name\"><input size=\"40\" maxlength=\"400\" class=\"wpcf7-form-control wpcf7-text wpcf7-validates-as-required\" aria-required=\"true\" aria-invalid=\"false\" value=\"\" type=\"text\" name=\"your-name\" \/><\/span> <\/label>\n\t\t<\/p>\n\t\t<p><label> Ton Pr\u00e9nom (obligatoire)<span class=\"wpcf7-form-control-wrap\" data-name=\"your-firstname\"><input size=\"40\" maxlength=\"400\" class=\"wpcf7-form-control wpcf7-text wpcf7-validates-as-required\" aria-required=\"true\" aria-invalid=\"false\" value=\"\" type=\"text\" name=\"your-firstname\" \/><\/span> <\/label>\n\t\t<\/p>\n\t\t<p><label> Ta photo pour l'accr\u00e9ditation type photo identit\u00e9(sans filtre, sans chapeau, sans lunettes de soleil) FORMAT JPEG OBLIGATOIRE et FOND NEUTRE CLAIR OBLIGATOIRE<span class=\"wpcf7-form-control-wrap\" data-name=\"file-Photo\"><input size=\"40\" class=\"wpcf7-form-control wpcf7-file wpcf7-validates-as-required\" accept=\".pdf,.doc,.docx,.odt,.png,.jpg,.jpeg,.heic\" aria-required=\"true\" aria-invalid=\"false\" type=\"file\" name=\"file-Photo\" \/><\/span> <\/label>\n\t\t<\/p>\n\t\t<p><label> Tu postules pour :<\/label>\n\t\t<\/p>\n\t\t<p><span class=\"wpcf7-form-control-wrap\" data-name=\"checkbox-poste\"><span class=\"wpcf7-form-control wpcf7-checkbox wpcf7-validates-as-required\"><span class=\"wpcf7-list-item first\"><label><input type=\"checkbox\" name=\"checkbox-poste[]\" value=\"Musicien\/artiste\" \/><span class=\"wpcf7-list-item-label\">Musicien\/artiste<\/span><\/label><\/span><span class=\"wpcf7-list-item\"><label><input type=\"checkbox\" name=\"checkbox-poste[]\" value=\"Accueil Brasserie H\/F\" \/><span class=\"wpcf7-list-item-label\">Accueil Brasserie H\/F<\/span><\/label><\/span><span class=\"wpcf7-list-item\"><label><input type=\"checkbox\" name=\"checkbox-poste[]\" value=\"Chef de rang H\/F\" \/><span class=\"wpcf7-list-item-label\">Chef de rang H\/F<\/span><\/label><\/span><span class=\"wpcf7-list-item\"><label><input type=\"checkbox\" name=\"checkbox-poste[]\" value=\"Vendeur(se) H\/F (conteneur Bakery)\" \/><span class=\"wpcf7-list-item-label\">Vendeur(se) H\/F (conteneur Bakery)<\/span><\/label><\/span><span class=\"wpcf7-list-item\"><label><input type=\"checkbox\" name=\"checkbox-poste[]\" value=\"Vendeur(se) H\/F (conteneur Chacuterie &amp; Fromage)\" \/><span class=\"wpcf7-list-item-label\">Vendeur(se) H\/F (conteneur Chacuterie &amp; Fromage)<\/span><\/label><\/span><span class=\"wpcf7-list-item\"><label><input type=\"checkbox\" name=\"checkbox-poste[]\" value=\"Vendeur(se) H\/F (conteneur Galette &amp; Cr\u00eapes)\" \/><span class=\"wpcf7-list-item-label\">Vendeur(se) H\/F (conteneur Galette &amp; Cr\u00eapes)<\/span><\/label><\/span><span class=\"wpcf7-list-item\"><label><input type=\"checkbox\" name=\"checkbox-poste[]\" value=\"Bar \u00e0 champagne\" \/><span class=\"wpcf7-list-item-label\">Bar \u00e0 champagne<\/span><\/label><\/span><span class=\"wpcf7-list-item\"><label><input type=\"checkbox\" name=\"checkbox-poste[]\" value=\"Camion burger\" \/><span class=\"wpcf7-list-item-label\">Camion burger<\/span><\/label><\/span><span class=\"wpcf7-list-item\"><label><input type=\"checkbox\" name=\"checkbox-poste[]\" value=\"Runner H\/F\" \/><span class=\"wpcf7-list-item-label\">Runner H\/F<\/span><\/label><\/span><span class=\"wpcf7-list-item\"><label><input type=\"checkbox\" name=\"checkbox-poste[]\" value=\"Cuisinier ou commis de cuisine H\/F\" \/><span class=\"wpcf7-list-item-label\">Cuisinier ou commis de cuisine H\/F<\/span><\/label><\/span><span class=\"wpcf7-list-item\"><label><input type=\"checkbox\" name=\"checkbox-poste[]\" value=\"Plongeur Cuisine H\/F\" \/><span class=\"wpcf7-list-item-label\">Plongeur Cuisine H\/F<\/span><\/label><\/span><span class=\"wpcf7-list-item\"><label><input type=\"checkbox\" name=\"checkbox-poste[]\" value=\"Plongeur Bar H\/F\" \/><span class=\"wpcf7-list-item-label\">Plongeur Bar H\/F<\/span><\/label><\/span><span class=\"wpcf7-list-item\"><label><input type=\"checkbox\" name=\"checkbox-poste[]\" value=\"Barman Comptoir H\/F\" \/><span class=\"wpcf7-list-item-label\">Barman Comptoir H\/F<\/span><\/label><\/span><span class=\"wpcf7-list-item\"><label><input type=\"checkbox\" name=\"checkbox-poste[]\" value=\"Barman Brasserie H\/F\" \/><span class=\"wpcf7-list-item-label\">Barman Brasserie H\/F<\/span><\/label><\/span><span class=\"wpcf7-list-item\"><label><input type=\"checkbox\" name=\"checkbox-poste[]\" value=\"Manutentionnaire H\/F\" \/><span class=\"wpcf7-list-item-label\">Manutentionnaire H\/F<\/span><\/label><\/span><span class=\"wpcf7-list-item\"><label><input type=\"checkbox\" name=\"checkbox-poste[]\" value=\"Agent entretiens H\/F\" \/><span class=\"wpcf7-list-item-label\">Agent entretiens H\/F<\/span><\/label><\/span><span class=\"wpcf7-list-item last\"><label><input type=\"checkbox\" name=\"checkbox-poste[]\" value=\"Laboratoire H\/F\" \/><span class=\"wpcf7-list-item-label\">Laboratoire H\/F<\/span><\/label><\/span><\/span><\/span>\n\t\t<\/p>\n\t\t<p><label> Ta Date de naissance (obligatoire)<span class=\"wpcf7-form-control-wrap\" data-name=\"date-de-naissance\"><input class=\"wpcf7-form-control wpcf7-date wpcf7-validates-as-required wpcf7-validates-as-date\" aria-required=\"true\" aria-invalid=\"false\" value=\"\" type=\"date\" name=\"date-de-naissance\" \/><\/span> <\/label>\n\t\t<\/p>\n\t\t<p><label> N\u00b0 de D\u00e9partement de naissance (obligatoire) 99 si nationalit\u00e9 \u00e9trang\u00e8re<span class=\"wpcf7-form-control-wrap\" data-name=\"Dep-Naissance\"><input class=\"wpcf7-form-control wpcf7-number wpcf7-validates-as-required wpcf7-validates-as-number\" min=\"1\" max=\"999\" aria-required=\"true\" aria-invalid=\"false\" value=\"\" type=\"number\" name=\"Dep-Naissance\" \/><\/span> <\/label>\n\t\t<\/p>\n\t\t<p><label> Commune de naissance (obligatoire)<span class=\"wpcf7-form-control-wrap\" data-name=\"Commune-Naissance\"><input size=\"40\" maxlength=\"400\" class=\"wpcf7-form-control wpcf7-text wpcf7-validates-as-required\" aria-required=\"true\" aria-invalid=\"false\" value=\"\" type=\"text\" name=\"Commune-Naissance\" \/><\/span> <\/label>\n\t\t<\/p>\n\t\t<p><label>Copie COULEUR recto pi\u00e8ce identit\u00e9 ou passeport en cours de validit\u00e9, FORMAT JPEG OBLIGATOIRE<span class=\"wpcf7-form-control-wrap\" data-name=\"file_piece_d_identite\"><input size=\"40\" class=\"wpcf7-form-control wpcf7-file wpcf7-validates-as-required piece_id_\" id=\"piece_id_\" accept=\".pdf,.png,.jpg,.jpeg,.heic\" aria-required=\"true\" aria-invalid=\"false\" type=\"file\" name=\"file_piece_d_identite\" \/><\/span> <\/label>\n\t\t<\/p>\n\t\t<p><label> N\u00b0 de la Pi\u00e8ce d'identit\u00e9 sans espace (obligatoire)<span class=\"wpcf7-form-control-wrap\" data-name=\"N_piece_identite\"><input size=\"40\" maxlength=\"400\" class=\"wpcf7-form-control wpcf7-text wpcf7-validates-as-required\" aria-required=\"true\" aria-invalid=\"false\" value=\"\" type=\"text\" name=\"N_piece_identite\" \/><\/span> <\/label>\n\t\t<\/p>\n\t\t<p><label> Si nationalit\u00e9 \u00e9trang\u00e8re, titre de s\u00e9jour en cours de validit\u00e9 (FORMAT JPEG OBLIGATOIRE)<span class=\"wpcf7-form-control-wrap\" data-name=\"file_titre_de_sejour\"><input size=\"40\" class=\"wpcf7-form-control wpcf7-file titre_sejour_\" id=\"titre_sejour_\" accept=\".pdf,.png,.jpg,.jpeg,.heic\" aria-invalid=\"false\" type=\"file\" name=\"file_titre_de_sejour\" \/><\/span> <\/label>\n\t\t<\/p>\n\t\t<p><label> N\u00b0 de S\u00e9curit\u00e9 Sociale \u00e0 15 chiffres (obligatoire)<span class=\"wpcf7-form-control-wrap\" data-name=\"Numero-SS\"><input class=\"wpcf7-form-control wpcf7-number wpcf7-validates-as-required wpcf7-validates-as-number\" min=\"100000000000000\" max=\"999999999999999\" aria-required=\"true\" aria-invalid=\"false\" value=\"\" type=\"number\" name=\"Numero-SS\" \/><\/span> <\/label>\n\t\t<\/p>\n\t\t<p><label> Copie de Carte vitale ou attestation de droits (obligatoire)<span class=\"wpcf7-form-control-wrap\" data-name=\"file_carte_vitale\"><input size=\"40\" class=\"wpcf7-form-control wpcf7-file carte_vitale_\" id=\"carte_vitale_\" accept=\".pdf,.png,.jpg,.jpeg,.heic\" aria-invalid=\"false\" type=\"file\" name=\"file_carte_vitale\" \/><\/span> <\/label>\n\t\t<\/p>\n\t\t<p><br \/>\n<label> Ton mail (obligatoire)<span class=\"wpcf7-form-control-wrap\" data-name=\"your-email\"><input size=\"40\" maxlength=\"400\" class=\"wpcf7-form-control wpcf7-email wpcf7-validates-as-required wpcf7-text wpcf7-validates-as-email\" aria-required=\"true\" aria-invalid=\"false\" value=\"\" type=\"email\" name=\"your-email\" \/><\/span> <\/label>\n\t\t<\/p>\n\t\t<p><label> Ton t\u00e9l\u00e9phone (sans espace) (obligatoire)<span class=\"wpcf7-form-control-wrap\" data-name=\"N-Tel\"><input size=\"40\" maxlength=\"400\" class=\"wpcf7-form-control wpcf7-tel wpcf7-validates-as-required wpcf7-text wpcf7-validates-as-tel\" aria-required=\"true\" aria-invalid=\"false\" value=\"\" type=\"tel\" name=\"N-Tel\" \/><\/span><\/label>\n\t\t<\/p>\n\t\t<p><label> Adresse (obligatoire)<span class=\"wpcf7-form-control-wrap\" data-name=\"adresse\"><input size=\"40\" maxlength=\"400\" class=\"wpcf7-form-control wpcf7-text wpcf7-validates-as-required\" aria-required=\"true\" aria-invalid=\"false\" value=\"\" type=\"text\" name=\"adresse\" \/><\/span><\/label>\n\t\t<\/p>\n\t\t<p><label> Code Postal (sans espace) (obligatoire)<span class=\"wpcf7-form-control-wrap\" data-name=\"number-238\"><input class=\"wpcf7-form-control wpcf7-number wpcf7-validates-as-required wpcf7-validates-as-number\" min=\"1000\" max=\"99999\" aria-required=\"true\" aria-invalid=\"false\" value=\"\" type=\"number\" name=\"number-238\" \/><\/span><\/label>\n\t\t<\/p>\n\t\t<p><label> Ville (obligatoire)<span class=\"wpcf7-form-control-wrap\" data-name=\"ville\"><input size=\"40\" maxlength=\"400\" class=\"wpcf7-form-control wpcf7-text wpcf7-validates-as-required\" aria-required=\"true\" aria-invalid=\"false\" value=\"\" type=\"text\" name=\"ville\" \/><\/span><\/label>\n\t\t<\/p>\n\t\t<p><br \/>\n<label> IBAN (en MAJUSCULE sans espace) (obligatoire)<span class=\"wpcf7-form-control-wrap\" data-name=\"IBAN\"><input size=\"40\" maxlength=\"400\" class=\"wpcf7-form-control wpcf7-text wpcf7-validates-as-required\" aria-required=\"true\" aria-invalid=\"false\" value=\"\" type=\"text\" name=\"IBAN\" \/><\/span> <\/label>\n\t\t<\/p>\n\t\t<p><label> BIC (en MAJUSCULE sans espace) (obligatoire)<span class=\"wpcf7-form-control-wrap\" data-name=\"bic\"><input size=\"40\" maxlength=\"400\" class=\"wpcf7-form-control wpcf7-text wpcf7-validates-as-required\" aria-required=\"true\" aria-invalid=\"false\" value=\"\" type=\"text\" name=\"bic\" \/><\/span> <\/label>\n\t\t<\/p>\n\t\t<p><label> Ton RIB\/IBAN en pdf ou en image<span class=\"wpcf7-form-control-wrap\" data-name=\"file-487\"><input size=\"40\" class=\"wpcf7-form-control wpcf7-file wpcf7-validates-as-required\" accept=\".pdf,.doc,.docx,.odt,.png,.jpg,.jpeg,.heic\" aria-required=\"true\" aria-invalid=\"false\" type=\"file\" name=\"file-487\" \/><\/span> <\/label>\n\t\t<\/p>\n\t\t<p><label> Dis nous en plus sur toi:<span class=\"wpcf7-form-control-wrap\" data-name=\"your-message\"><textarea cols=\"40\" rows=\"10\" maxlength=\"2000\" class=\"wpcf7-form-control wpcf7-textarea\" aria-invalid=\"false\" name=\"your-message\"><\/textarea><\/span> <\/label>\n\t\t<\/p>\n\t<\/div>\n\t<div class=\"col-6\">\n\t\t<p><input class=\"wpcf7-form-control wpcf7-submit has-spinner\" type=\"submit\" value=\"Envoyer\" \/>\n\t\t<\/p>\n\t<\/div>\n<\/div><div class=\"wpcf7-response-output\" aria-hidden=\"true\"><\/div>\n<\/form>\n<\/div>\n<\/div>\n\n\n\n<p><\/p>\n","protected":false},"excerpt":{"rendered":"","protected":false},"author":2,"featured_media":0,"parent":0,"menu_order":0,"comment_status":"closed","ping_status":"closed","template":"","meta":{"footnotes":""},"class_list":["post-1613","page","type-page","status-publish","hentry"],"_links":{"self":[{"href":"https:\/\/staff.maisonhector.com\/staff\/wp-json\/wp\/v2\/pages\/1613","targetHints":{"allow":["GET"]}}],"collection":[{"href":"https:\/\/staff.maisonhector.com\/staff\/wp-json\/wp\/v2\/pages"}],"about":[{"href":"https:\/\/staff.maisonhector.com\/staff\/wp-json\/wp\/v2\/types\/page"}],"author":[{"embeddable":true,"href":"https:\/\/staff.maisonhector.com\/staff\/wp-json\/wp\/v2\/users\/2"}],"replies":[{"embeddable":true,"href":"https:\/\/staff.maisonhector.com\/staff\/wp-json\/wp\/v2\/comments?post=1613"}],"version-history":[{"count":23,"href":"https:\/\/staff.maisonhector.com\/staff\/wp-json\/wp\/v2\/pages\/1613\/revisions"}],"predecessor-version":[{"id":4415,"href":"https:\/\/staff.maisonhector.com\/staff\/wp-json\/wp\/v2\/pages\/1613\/revisions\/4415"}],"wp:attachment":[{"href":"https:\/\/staff.maisonhector.com\/staff\/wp-json\/wp\/v2\/media?parent=1613"}],"curies":[{"name":"wp","href":"https:\/\/api.w.org\/{rel}","templated":true}]}}